{"id":1477,"date":"2025-04-19T14:28:19","date_gmt":"2025-04-19T17:28:19","guid":{"rendered":"https:\/\/engtoldos.com.br\/?page_id=1477"},"modified":"2025-04-19T16:09:07","modified_gmt":"2025-04-19T19:09:07","slug":"depoimentos","status":"publish","type":"page","link":"https:\/\/engtoldosepersianas.com.br\/?page_id=1477","title":{"rendered":"Depoimentos"},"content":{"rendered":"\t\t<div data-elementor-type=\"wp-page\" data-elementor-id=\"1477\" class=\"elementor elementor-1477\">\n\t\t\t\t<div class=\"elementor-element elementor-element-d5893ec e-flex e-con-boxed wpr-particle-no wpr-jarallax-no wpr-parallax-no wpr-sticky-section-no wpr-equal-height-no e-con e-parent\" data-id=\"d5893ec\" data-element_type=\"container\" data-e-type=\"container\">\n\t\t\t\t\t<div class=\"e-con-inner\">\n\t\t<div class=\"elementor-element elementor-element-be81732 e-con-full e-flex wpr-particle-no wpr-jarallax-no wpr-parallax-no wpr-sticky-section-no wpr-equal-height-no elementor-invisible e-con e-child\" data-id=\"be81732\" data-element_type=\"container\" data-e-type=\"container\" data-settings=\"{&quot;animation&quot;:&quot;fadeIn&quot;}\">\n\t\t\t\t<div class=\"elementor-element elementor-element-47857e8 elementor-widget elementor-widget-heading\" data-id=\"47857e8\" data-element_type=\"widget\" data-e-type=\"widget\" data-widget_type=\"heading.default\">\n\t\t\t\t<div class=\"elementor-widget-container\">\n\t\t\t\t\t<h2 class=\"elementor-heading-title elementor-size-default\">DEPOIMENTOS<\/h2>\t\t\t\t<\/div>\n\t\t\t\t<\/div>\n\t\t\t\t<div class=\"elementor-element elementor-element-5ba1494 elementor-widget elementor-widget-heading\" data-id=\"5ba1494\" data-element_type=\"widget\" data-e-type=\"widget\" data-widget_type=\"heading.default\">\n\t\t\t\t<div class=\"elementor-widget-container\">\n\t\t\t\t\t<h2 class=\"elementor-heading-title elementor-size-default\">Clientes que confiaram no nosso trabalho<\/h2>\t\t\t\t<\/div>\n\t\t\t\t<\/div>\n\t\t\t\t<div class=\"elementor-element elementor-element-84ed3d3 wpr-testimonial-slider-columns-2 wpr-testimonial-slider-columns--mobile1 wpr-testimonial-slider-columns--tablet2 wpr-testimonial-rating-style_2 wpr-testimonial-triangle-yes wpr-testimonial-meta-position-bottom wpr-testimonial-meta-align-center wpr-testimonial-image-position-center elementor-invisible elementor-widget elementor-widget-wpr-testimonial\" data-id=\"84ed3d3\" data-element_type=\"widget\" data-e-type=\"widget\" data-settings=\"{&quot;testimonial_amount&quot;:&quot;2&quot;,&quot;testimonial_amount_mobile&quot;:&quot;1&quot;,&quot;testimonial_slides_to_scroll&quot;:1,&quot;_animation&quot;:&quot;fadeIn&quot;,&quot;testimonial_amount_tablet&quot;:2,&quot;testimonial_loop&quot;:&quot;yes&quot;}\" data-widget_type=\"wpr-testimonial.default\">\n\t\t\t\t<div class=\"elementor-widget-container\">\n\t\t\t\t\t\t\t<div class=\"wpr-testimonial-carousel-wrap\">\n\t\t\t\n\t\t\t<div class=\"wpr-testimonial-carousel\" dir=\"ltr\" data-slick=\"{&quot;rtl&quot;:false,&quot;infinite&quot;:true,&quot;speed&quot;:700,&quot;arrows&quot;:true,&quot;dots&quot;:true,&quot;autoplay&quot;:false,&quot;autoplaySpeed&quot;:1000,&quot;pauseOnHover&quot;:&quot;&quot;,&quot;prevArrow&quot;:&quot;#wpr-testimonial-prev-84ed3d3&quot;,&quot;nextArrow&quot;:&quot;#wpr-testimonial-next-84ed3d3&quot;,&quot;sliderSlidesToScroll&quot;:1}\" data-slide-effect=\"fade\">\n\t\t\t\t\t\n\t\t\t\t\t\n\t\t\t\t\t\t\t\t\t\t\t\n\t\t\t\t\t\t<div class=\"wpr-testimonial-item elementor-repeater-item-b798b17 elementor-clearfix\">\n\t\t\t\t\t\t\t\n\t\t\t\t\t\t\t<div class=\"wpr-testimonial-meta elementor-clearfix\">\n\t\t\t\t\t\t\t\t<div class=\"wpr-testimonial-meta-inner\">\n\t\t\t\t\t\t\t\t\n\t\t\t\t\t<div class=\"wpr-testimonial-image\">\n\t\t\t\t<img decoding=\"async\" src=\"https:\/\/engtoldosepersianas.com.br\/wp-content\/uploads\/2024\/10\/sobre-nos-5.png\" alt=\"Cristina\">\n\t\t\t<\/div>\n\t\t\n\t\t\t\n\t\t<div class=\"wpr-testimonial-meta-content-wrap\">\n\t\t\t\t\t\t\t<div class=\"wpr-testimonial-name\">Cristina<\/div>\n\t\t\t\n\t\t\t\t\t\t\t<div class=\"wpr-testimonial-job\">Dona de Loja<\/div>\n\t\t\t\n\t\t\t\n\t\t<\/div>\n\t\t\t\t\t\t\t\t\t\t<\/div>\n\t\t\t\t\t\t\t<\/div>\n\n\t\t\t\t\t\t\t\n\t\t<div class=\"wpr-testimonial-content-wrap\">\n\t\t\t<div class=\"wpr-testimonial-content-inner\">\n\t\t\t\n\t\t\t\n\t\t\t\n\t\t\t\t\t\t\t<div class=\"wpr-testimonial-content\">\n\t\t\t\t\t\n\t\t\t\t\t<p><p>\u201cContratamos a empresa para instalar toldos na fachada da nossa loja e o resultado foi incr\u00edvel! Al\u00e9m de valorizar a apar\u00eancia do com\u00e9rcio, os toldos trouxeram mais conforto t\u00e9rmico para os clientes. O atendimento foi r\u00e1pido, profissional e com \u00f3timo custo-benef\u00edcio. Recomendo de olhos fechados!\u201d<\/p><\/p>\n\t\t\t\t<\/div>\n\t\t\t\n\t\t\t\t\t\t\t\t\n\n\t\t\t<div class=\"wpr-testimonial-rating\">\n\t\t\t\n\n                                    \n                                                    <i class=\"wpr-rating-icon-full\">&#9734;<\/i>\n                        \n                                    \n\n\t     \t\n\n                                    \n                                                    <i class=\"wpr-rating-icon-full\">&#9734;<\/i>\n                        \n                                    \n\n\t     \t\n\n                                    \n                                                    <i class=\"wpr-rating-icon-full\">&#9734;<\/i>\n                        \n                                    \n\n\t     \t\n\n                                    \n                                                    <i class=\"wpr-rating-icon-full\">&#9734;<\/i>\n                        \n                                    \n\n\t     \t\n\n                                    \n                                                    <i class=\"wpr-rating-icon-full\">&#9734;<\/i>\n                        \n                                    \n\n\t     \t\n\t     \t\t\t\t<\/div>\n\n\t\t\t\t\n\t\t\t\t\t\t<\/div>\n\t\t<\/div>\n\n\t    \n\t\t\t\t\t\t\t\n\t\t\t\t\t\t<\/div>\n\t\t\t\t\t\t\n\t\t\t\t\t\t\t\t\t\t\t\n\t\t\t\t\t\t<div class=\"wpr-testimonial-item elementor-repeater-item-9815347 elementor-clearfix\">\n\t\t\t\t\t\t\t\n\t\t\t\t\t\t\t<div class=\"wpr-testimonial-meta elementor-clearfix\">\n\t\t\t\t\t\t\t\t<div class=\"wpr-testimonial-meta-inner\">\n\t\t\t\t\t\t\t\t\n\t\t\t\t\t<div class=\"wpr-testimonial-image\">\n\t\t\t\t<img decoding=\"async\" src=\"https:\/\/engtoldosepersianas.com.br\/wp-content\/uploads\/2024\/10\/sobre-nos-4.png\" alt=\"Marcio\">\n\t\t\t<\/div>\n\t\t\n\t\t\t\n\t\t<div class=\"wpr-testimonial-meta-content-wrap\">\n\t\t\t\t\t\t\t<div class=\"wpr-testimonial-name\">Marcio<\/div>\n\t\t\t\n\t\t\t\t\t\t\t<div class=\"wpr-testimonial-job\">Morador de Condom\u00ednio <\/div>\n\t\t\t\n\t\t\t\n\t\t<\/div>\n\t\t\t\t\t\t\t\t\t\t<\/div>\n\t\t\t\t\t\t\t<\/div>\n\n\t\t\t\t\t\t\t\n\t\t<div class=\"wpr-testimonial-content-wrap\">\n\t\t\t<div class=\"wpr-testimonial-content-inner\">\n\t\t\t\n\t\t\t\n\t\t\t\n\t\t\t\t\t\t\t<div class=\"wpr-testimonial-content\">\n\t\t\t\t\t\n\t\t\t\t\t<p><p>\u201cColocamos persianas novas em toda a casa e ficou simplesmente perfeito! Al\u00e9m de deixarem o ambiente mais bonito, s\u00e3o super pr\u00e1ticas para o dia a dia. O pessoal foi muito atencioso desde o or\u00e7amento at\u00e9 a instala\u00e7\u00e3o. Um servi\u00e7o limpo, r\u00e1pido e com \u00f3timo acabamento.\u201d<\/p><\/p>\n\t\t\t\t<\/div>\n\t\t\t\n\t\t\t\t\t\t\t\t\n\n\t\t\t<div class=\"wpr-testimonial-rating\">\n\t\t\t\n\n                                    \n                                                    <i class=\"wpr-rating-icon-full\">&#9734;<\/i>\n                        \n                                    \n\n\t     \t\n\n                                    \n                                                    <i class=\"wpr-rating-icon-full\">&#9734;<\/i>\n                        \n                                    \n\n\t     \t\n\n                                    \n                                                    <i class=\"wpr-rating-icon-full\">&#9734;<\/i>\n                        \n                                    \n\n\t     \t\n\n                                    \n                                                    <i class=\"wpr-rating-icon-full\">&#9734;<\/i>\n                        \n                                    \n\n\t     \t\n\n                                    \n                                                    <i class=\"wpr-rating-icon-full\">&#9734;<\/i>\n                        \n                                    \n\n\t     \t\n\t     \t\t\t\t<\/div>\n\n\t\t\t\t\n\t\t\t\t\t\t<\/div>\n\t\t<\/div>\n\n\t    \n\t\t\t\t\t\t\t\n\t\t\t\t\t\t<\/div>\n\t\t\t\t\t\t\n\t\t\t\t\t\t\t\t\t\t\t\n\t\t\t\t\t\t<div class=\"wpr-testimonial-item elementor-repeater-item-f198fee elementor-clearfix\">\n\t\t\t\t\t\t\t\n\t\t\t\t\t\t\t<div class=\"wpr-testimonial-meta elementor-clearfix\">\n\t\t\t\t\t\t\t\t<div class=\"wpr-testimonial-meta-inner\">\n\t\t\t\t\t\t\t\t\n\t\t\t\t\t<div class=\"wpr-testimonial-image\">\n\t\t\t\t<img decoding=\"async\" src=\"https:\/\/engtoldosepersianas.com.br\/wp-content\/uploads\/2024\/10\/sobre-nos-6.png\" alt=\"Dra Larissa\">\n\t\t\t<\/div>\n\t\t\n\t\t\t\n\t\t<div class=\"wpr-testimonial-meta-content-wrap\">\n\t\t\t\t\t\t\t<div class=\"wpr-testimonial-name\">Dra Larissa<\/div>\n\t\t\t\n\t\t\t\t\t\t\t<div class=\"wpr-testimonial-job\">Dentista<\/div>\n\t\t\t\n\t\t\t\n\t\t<\/div>\n\t\t\t\t\t\t\t\t\t\t<\/div>\n\t\t\t\t\t\t\t<\/div>\n\n\t\t\t\t\t\t\t\n\t\t<div class=\"wpr-testimonial-content-wrap\">\n\t\t\t<div class=\"wpr-testimonial-content-inner\">\n\t\t\t\n\t\t\t\n\t\t\t\n\t\t\t\t\t\t\t<div class=\"wpr-testimonial-content\">\n\t\t\t\t\t\n\t\t\t\t\t<p><p>\u201cPrecis\u00e1vamos de persianas para o consult\u00f3rio odontol\u00f3gico que trouxessem privacidade e ao mesmo tempo deixassem o ambiente elegante e acolhedor. Fomos muito bem atendidos, com sugest\u00f5es personalizadas e uma instala\u00e7\u00e3o impec\u00e1vel. Agora temos um ambiente mais confort\u00e1vel e profissional.\u201d<\/p><\/p>\n\t\t\t\t<\/div>\n\t\t\t\n\t\t\t\t\t\t\t\t\n\n\t\t\t<div class=\"wpr-testimonial-rating\">\n\t\t\t\n\n                                    \n                                                    <i class=\"wpr-rating-icon-full\">&#9734;<\/i>\n                        \n                                    \n\n\t     \t\n\n                                    \n                                                    <i class=\"wpr-rating-icon-full\">&#9734;<\/i>\n                        \n                                    \n\n\t     \t\n\n                                    \n                                                    <i class=\"wpr-rating-icon-full\">&#9734;<\/i>\n                        \n                                    \n\n\t     \t\n\n                                    \n                                                    <i class=\"wpr-rating-icon-full\">&#9734;<\/i>\n                        \n                                    \n\n\t     \t\n\n                                    \n                                                    <i class=\"wpr-rating-icon-full\">&#9734;<\/i>\n                        \n                                    \n\n\t     \t\n\t     \t\t\t\t<\/div>\n\n\t\t\t\t\n\t\t\t\t\t\t<\/div>\n\t\t<\/div>\n\n\t    \n\t\t\t\t\t\t\t\n\t\t\t\t\t\t<\/div>\n\t\t\t\t\t\t\t\t\t<\/div>\n\n\t\t\t<div class=\"wpr-testimonial-controls\">\n\t\t\t\t<div class=\"wpr-testimonial-dots\"><\/div>\n\t\t\t<\/div>\n\n\t\t\t<div class=\"wpr-testimonial-arrow-container\">\n\t\t\t\t<div class=\"wpr-testimonial-prev-arrow wpr-testimonial-arrow\" id=\"wpr-testimonial-prev-84ed3d3\">\n\t\t\t\t\t<i class=\"fas fa-arrow-left\"><\/i>\t\t\t\t<\/div>\n\t\t\t\t<div class=\"wpr-testimonial-next-arrow wpr-testimonial-arrow\" id=\"wpr-testimonial-next-84ed3d3\">\n\t\t\t\t\t<i class=\"fas fa-arrow-left\"><\/i>\t\t\t\t<\/div>\n\t\t\t<\/div>\n\t\t<\/div>\n\n\t\t\t\t\t<\/div>\n\t\t\t\t<\/div>\n\t\t\t\t<\/div>\n\t\t\t\t\t<\/div>\n\t\t\t\t<\/div>\n\t\t\t\t<\/div>\n\t\t","protected":false},"excerpt":{"rendered":"<p>DEPOIMENTOS Clientes que confiaram no nosso trabalho Cristina Dona de Loja \u201cContratamos a empresa para instalar toldos na fachada da nossa loja e o resultado foi incr\u00edvel! Al\u00e9m de valorizar a apar\u00eancia do com\u00e9rcio, os toldos trouxeram mais conforto t\u00e9rmico para os clientes. O atendimento foi r\u00e1pido, profissional e com \u00f3timo custo-benef\u00edcio. Recomendo de olhos fechados!\u201d &#9734; &#9734; &#9734; &#9734; &#9734; Marcio Morador de Condom\u00ednio \u201cColocamos persianas novas em toda a casa e ficou simplesmente perfeito! Al\u00e9m de deixarem o ambiente mais bonito, s\u00e3o super pr\u00e1ticas para o dia a dia. O pessoal foi muito atencioso desde o or\u00e7amento at\u00e9 a instala\u00e7\u00e3o. Um servi\u00e7o limpo, r\u00e1pido e com \u00f3timo acabamento.\u201d &#9734; &#9734; &#9734; &#9734; &#9734; Dra Larissa Dentista \u201cPrecis\u00e1vamos de persianas para o consult\u00f3rio odontol\u00f3gico que trouxessem privacidade e ao mesmo tempo deixassem o ambiente elegante e acolhedor. Fomos muito bem atendidos, com sugest\u00f5es personalizadas e uma instala\u00e7\u00e3o impec\u00e1vel. Agora temos um ambiente mais confort\u00e1vel e profissional.\u201d &#9734; &#9734; &#9734; &#9734; &#9734;<\/p>\n","protected":false},"author":1,"featured_media":0,"parent":0,"menu_order":0,"comment_status":"closed","ping_status":"closed","template":"","meta":{"_joinchat":[],"footnotes":""},"class_list":["post-1477","page","type-page","status-publish","hentry"],"_links":{"self":[{"href":"https:\/\/engtoldosepersianas.com.br\/index.php?rest_route=\/wp\/v2\/pages\/1477","targetHints":{"allow":["GET"]}}],"collection":[{"href":"https:\/\/engtoldosepersianas.com.br\/index.php?rest_route=\/wp\/v2\/pages"}],"about":[{"href":"https:\/\/engtoldosepersianas.com.br\/index.php?rest_route=\/wp\/v2\/types\/page"}],"author":[{"embeddable":true,"href":"https:\/\/engtoldosepersianas.com.br\/index.php?rest_route=\/wp\/v2\/users\/1"}],"replies":[{"embeddable":true,"href":"https:\/\/engtoldosepersianas.com.br\/index.php?rest_route=%2Fwp%2Fv2%2Fcomments&post=1477"}],"version-history":[{"count":10,"href":"https:\/\/engtoldosepersianas.com.br\/index.php?rest_route=\/wp\/v2\/pages\/1477\/revisions"}],"predecessor-version":[{"id":1641,"href":"https:\/\/engtoldosepersianas.com.br\/index.php?rest_route=\/wp\/v2\/pages\/1477\/revisions\/1641"}],"wp:attachment":[{"href":"https:\/\/engtoldosepersianas.com.br\/index.php?rest_route=%2Fwp%2Fv2%2Fmedia&parent=1477"}],"curies":[{"name":"wp","href":"https:\/\/api.w.org\/{rel}","templated":true}]}}